{"id":37,"date":"2026-04-18T03:33:57","date_gmt":"2026-04-18T01:33:57","guid":{"rendered":"https:\/\/ortho.p03.tempdomain.ch\/?page_id=37"},"modified":"2026-04-18T13:48:13","modified_gmt":"2026-04-18T11:48:13","slug":"leistungen","status":"publish","type":"page","link":"https:\/\/ortho.p03.tempdomain.ch\/?page_id=37","title":{"rendered":"Leistungen"},"content":{"rendered":"\t\t<div data-elementor-type=\"wp-page\" data-elementor-id=\"37\" class=\"elementor elementor-37\" data-elementor-post-type=\"page\">\n\t\t\t\t<div class=\"elementor-element elementor-element-4075f19d e-flex e-con-boxed e-con e-parent\" data-id=\"4075f19d\" data-element_type=\"container\" data-e-type=\"container\">\n\t\t\t\t\t<div class=\"e-con-inner\">\n\t\t\t\t<div class=\"elementor-element elementor-element-33b5e1aa elementor-widget elementor-widget-text-editor\" data-id=\"33b5e1aa\" data-element_type=\"widget\" data-e-type=\"widget\" data-widget_type=\"text-editor.default\">\n\t\t\t\t\t\t\t\t\t\n<p><\/p>\n\n\n<p>\u00dcbersichtsseite f\u00fcr alle kieferorthop\u00e4dischen Leistungen.<\/p>\n\n\n<p><\/p>\n\t\t\t\t\t\t\t\t<\/div>\n\t\t\t\t\t<\/div>\n\t\t\t\t<\/div>\n\t\t\t\t<section class=\"elementor-element elementor-element-4c909d1 e-con e-atomic-element e-flexbox-base e-4c909d1-4d76e22\" data-id=\"4c909d1\" data-element_type=\"e-flexbox\" data-e-type=\"e-flexbox\" data-interaction-id=\"4c909d1\" data-e-type=\"e-flexbox\" data-id=\"4c909d1\">\n\t\t\t\t<div class=\"elementor-element elementor-element-ad6ac3f e-con e-atomic-element e-flexbox-base e-ad6ac3f-a3b9971\" data-id=\"ad6ac3f\" data-element_type=\"e-flexbox\" data-e-type=\"e-flexbox\" data-interaction-id=\"ad6ac3f\" data-e-type=\"e-flexbox\" data-id=\"ad6ac3f\">\n\t\t\t\t\t\t\t\t<span class=\"e-4201ec9-4d5bd07 e-paragraph-base\" data-interaction-id=\"4201ec9\"  data-e-type=\"widget\" data-id=\"4201ec9\">\n\t\t\t\t\t\t\t\tLeistungen\n\t\t\t\t\t<\/span>\n\t\t\t\t\t\t\t<h1 \n\t\tdata-interaction-id=\"76ca7f6\" \n\t\tclass=\"e-76ca7f6-6043867 e-heading-base\" \n\t\t \n\t\tdata-e-type=\"widget\" data-id=\"76ca7f6\"\n\t>\n\t\n\t\t\tMassgeschneiderte L\u00f6sungen f\u00fcr jedes Bed\u00fcrfnis\n\t\t<\/h1>\n\t\t\t\t\t\t\t\t<p class=\"e-bfb0779-d2aed27 e-paragraph-base\" data-interaction-id=\"bfb0779\"  data-e-type=\"widget\" data-id=\"bfb0779\">\n\t\t\t\t\t\t\t\tDie Leistungsseite ist auf Zielgruppen, Methoden und Spezialthemen ausgelegt. Nutze sie als \u00dcbersichtsseite und verlinke auf die Unterseiten.\n\t\t\t\t\t<\/p>\n\t\t\t\t<\/div>\n\t\t\t\t\t\t\t\n\t\t<img class=\"e-image-base e-f7eab9e-ad642cd\" \n\t\t\t\t\tdata-interaction-id=\"f7eab9e\" \n\t\t \n\t\t data-e-type=\"widget\" data-id=\"f7eab9e\"\n\t\t\t\t\t\t\t\t\tsrc=\"https:\/\/storage.googleapis.com\/ai-prod-elementor\/images\/0c729761-ca5c-4e77-ab75-4c67c8d9c831.png?X-Goog-Algorithm=GOOG4-RSA-SHA256&amp;#038;X-Goog-Credential=elementor-ai-api-prod%40elementor-ai.iam.gserviceaccount.com%2F20260418%2Fauto%2Fstorage%2Fgoog4_request&amp;#038;X-Goog-Date=20260418T114654Z&amp;#038;X-Goog-Expires=604800&amp;#038;X-Goog-SignedHeaders=host&amp;#038;X-Goog-Signature=20a3a2f238d66b98b052e248a68d6324262756da30432abd52cb8cad323ca532d1bcbc88cef6d161a1d62e19ca44dcc90da4c2eb55fa848ddb1aa28692980a3319bca68a6934fe927a30468e5083ee40887071f903e431e40d04eb02ced560fc8bd71c959808e375a462a77933c55c7b56982a060931c8c0f6c47aad7ed44f872d87d470040e823d520b16f190f61da42a8f68ee047df1ad341a65dc225cbd3479af84b3192612160319967f812c3f9203f96ba0016800210577b78e6bc23ab8ce66f343230859468ff53b64296ba54bc6c86b582c8ea0cd719cad37a5584dd9ac76290a1481f591754ae33aea3e724f695efc108121a40dbe8c0b27fffde893\"\n\t\t\t\t\t\t\/>\n\t\t\t\t\t<\/section>\n\t\t\t\t<\/div>\n\t\t","protected":false},"excerpt":{"rendered":"<p>\u00dcbersichtsseite f\u00fcr alle kieferorthop\u00e4dischen Leistungen. Leistungen Massgeschneiderte L\u00f6sungen f\u00fcr jedes Bed\u00fcrfnis Die Leistungsseite ist auf Zielgruppen, Methoden und Spezialthemen ausgelegt. Nutze sie als \u00dcbersichtsseite und verlinke auf die Unterseiten.<\/p>\n","protected":false},"author":2,"featured_media":0,"parent":0,"menu_order":0,"comment_status":"closed","ping_status":"closed","template":"","meta":{"_angie_page":false,"footnotes":""},"class_list":["post-37","page","type-page","status-publish","hentry"],"yoast_head":"<!-- This site is optimized with the Yoast SEO plugin v27.4 - https:\/\/yoast.com\/product\/yoast-seo-wordpress\/ -->\n<title>Leistungen - Kieferorthop\u00e4die Rohrer<\/title>\n<meta name=\"robots\" content=\"index, follow, max-snippet:-1, max-image-preview:large, max-video-preview:-1\" \/>\n<link rel=\"canonical\" href=\"https:\/\/ortho.p03.tempdomain.ch\/?page_id=37\" \/>\n<meta property=\"og:locale\" content=\"de_DE\" \/>\n<meta property=\"og:type\" content=\"article\" \/>\n<meta property=\"og:title\" content=\"Leistungen - Kieferorthop\u00e4die Rohrer\" \/>\n<meta property=\"og:description\" content=\"\u00dcbersichtsseite f\u00fcr alle kieferorthop\u00e4dischen Leistungen. Leistungen Massgeschneiderte L\u00f6sungen f\u00fcr jedes Bed\u00fcrfnis Die Leistungsseite ist auf Zielgruppen, Methoden und Spezialthemen ausgelegt. Nutze sie als \u00dcbersichtsseite und verlinke auf die Unterseiten.\" \/>\n<meta property=\"og:url\" content=\"https:\/\/ortho.p03.tempdomain.ch\/?page_id=37\" \/>\n<meta property=\"og:site_name\" content=\"Kieferorthop\u00e4die Rohrer\" \/>\n<meta property=\"article:modified_time\" content=\"2026-04-18T11:48:13+00:00\" \/>\n<meta property=\"og:image\" content=\"https:\/\/storage.googleapis.com\/ai-prod-elementor\/images\/0c729761-ca5c-4e77-ab75-4c67c8d9c831.png?X-Goog-Algorithm=GOOG4-RSA-SHA256&amp;#038;X-Goog-Credential=elementor-ai-api-prod%40elementor-ai.iam.gserviceaccount.com%2F20260418%2Fauto%2Fstorage%2Fgoog4_request&amp;#038;X-Goog-Date=20260418T114654Z&amp;#038;X-Goog-Expires=604800&amp;#038;X-Goog-SignedHeaders=host&amp;#038;X-Goog-Signature=20a3a2f238d66b98b052e248a68d6324262756da30432abd52cb8cad323ca532d1bcbc88cef6d161a1d62e19ca44dcc90da4c2eb55fa848ddb1aa28692980a3319bca68a6934fe927a30468e5083ee40887071f903e431e40d04eb02ced560fc8bd71c959808e375a462a77933c55c7b56982a060931c8c0f6c47aad7ed44f872d87d470040e823d520b16f190f61da42a8f68ee047df1ad341a65dc225cbd3479af84b3192612160319967f812c3f9203f96ba0016800210577b78e6bc23ab8ce66f343230859468ff53b64296ba54bc6c86b582c8ea0cd719cad37a5584dd9ac76290a1481f591754ae33aea3e724f695efc108121a40dbe8c0b27fffde893\" \/>\n<meta name=\"twitter:card\" content=\"summary_large_image\" \/>\n<meta name=\"twitter:label1\" content=\"Gesch\u00e4tzte Lesezeit\" \/>\n\t<meta name=\"twitter:data1\" content=\"1\u00a0Minute\" \/>\n<script type=\"application\/ld+json\" class=\"yoast-schema-graph\">{\"@context\":\"https:\\\/\\\/schema.org\",\"@graph\":[{\"@type\":\"WebPage\",\"@id\":\"https:\\\/\\\/ortho.p03.tempdomain.ch\\\/?page_id=37\",\"url\":\"https:\\\/\\\/ortho.p03.tempdomain.ch\\\/?page_id=37\",\"name\":\"Leistungen - Kieferorthop\u00e4die Rohrer\",\"isPartOf\":{\"@id\":\"https:\\\/\\\/ortho.p03.tempdomain.ch\\\/#website\"},\"primaryImageOfPage\":{\"@id\":\"https:\\\/\\\/ortho.p03.tempdomain.ch\\\/?page_id=37#primaryimage\"},\"image\":{\"@id\":\"https:\\\/\\\/ortho.p03.tempdomain.ch\\\/?page_id=37#primaryimage\"},\"thumbnailUrl\":\"https:\\\/\\\/storage.googleapis.com\\\/ai-prod-elementor\\\/images\\\/0c729761-ca5c-4e77-ab75-4c67c8d9c831.png?X-Goog-Algorithm=GOOG4-RSA-SHA256&amp;#038;X-Goog-Credential=elementor-ai-api-prod%40elementor-ai.iam.gserviceaccount.com%2F20260418%2Fauto%2Fstorage%2Fgoog4_request&amp;#038;X-Goog-Date=20260418T114654Z&amp;#038;X-Goog-Expires=604800&amp;#038;X-Goog-SignedHeaders=host&amp;#038;X-Goog-Signature=20a3a2f238d66b98b052e248a68d6324262756da30432abd52cb8cad323ca532d1bcbc88cef6d161a1d62e19ca44dcc90da4c2eb55fa848ddb1aa28692980a3319bca68a6934fe927a30468e5083ee40887071f903e431e40d04eb02ced560fc8bd71c959808e375a462a77933c55c7b56982a060931c8c0f6c47aad7ed44f872d87d470040e823d520b16f190f61da42a8f68ee047df1ad341a65dc225cbd3479af84b3192612160319967f812c3f9203f96ba0016800210577b78e6bc23ab8ce66f343230859468ff53b64296ba54bc6c86b582c8ea0cd719cad37a5584dd9ac76290a1481f591754ae33aea3e724f695efc108121a40dbe8c0b27fffde893\",\"datePublished\":\"2026-04-18T01:33:57+00:00\",\"dateModified\":\"2026-04-18T11:48:13+00:00\",\"breadcrumb\":{\"@id\":\"https:\\\/\\\/ortho.p03.tempdomain.ch\\\/?page_id=37#breadcrumb\"},\"inLanguage\":\"de-CH\",\"potentialAction\":[{\"@type\":\"ReadAction\",\"target\":[\"https:\\\/\\\/ortho.p03.tempdomain.ch\\\/?page_id=37\"]}]},{\"@type\":\"ImageObject\",\"inLanguage\":\"de-CH\",\"@id\":\"https:\\\/\\\/ortho.p03.tempdomain.ch\\\/?page_id=37#primaryimage\",\"url\":\"https:\\\/\\\/storage.googleapis.com\\\/ai-prod-elementor\\\/images\\\/0c729761-ca5c-4e77-ab75-4c67c8d9c831.png?X-Goog-Algorithm=GOOG4-RSA-SHA256&amp;#038;X-Goog-Credential=elementor-ai-api-prod%40elementor-ai.iam.gserviceaccount.com%2F20260418%2Fauto%2Fstorage%2Fgoog4_request&amp;#038;X-Goog-Date=20260418T114654Z&amp;#038;X-Goog-Expires=604800&amp;#038;X-Goog-SignedHeaders=host&amp;#038;X-Goog-Signature=20a3a2f238d66b98b052e248a68d6324262756da30432abd52cb8cad323ca532d1bcbc88cef6d161a1d62e19ca44dcc90da4c2eb55fa848ddb1aa28692980a3319bca68a6934fe927a30468e5083ee40887071f903e431e40d04eb02ced560fc8bd71c959808e375a462a77933c55c7b56982a060931c8c0f6c47aad7ed44f872d87d470040e823d520b16f190f61da42a8f68ee047df1ad341a65dc225cbd3479af84b3192612160319967f812c3f9203f96ba0016800210577b78e6bc23ab8ce66f343230859468ff53b64296ba54bc6c86b582c8ea0cd719cad37a5584dd9ac76290a1481f591754ae33aea3e724f695efc108121a40dbe8c0b27fffde893\",\"contentUrl\":\"https:\\\/\\\/storage.googleapis.com\\\/ai-prod-elementor\\\/images\\\/0c729761-ca5c-4e77-ab75-4c67c8d9c831.png?X-Goog-Algorithm=GOOG4-RSA-SHA256&amp;#038;X-Goog-Credential=elementor-ai-api-prod%40elementor-ai.iam.gserviceaccount.com%2F20260418%2Fauto%2Fstorage%2Fgoog4_request&amp;#038;X-Goog-Date=20260418T114654Z&amp;#038;X-Goog-Expires=604800&amp;#038;X-Goog-SignedHeaders=host&amp;#038;X-Goog-Signature=20a3a2f238d66b98b052e248a68d6324262756da30432abd52cb8cad323ca532d1bcbc88cef6d161a1d62e19ca44dcc90da4c2eb55fa848ddb1aa28692980a3319bca68a6934fe927a30468e5083ee40887071f903e431e40d04eb02ced560fc8bd71c959808e375a462a77933c55c7b56982a060931c8c0f6c47aad7ed44f872d87d470040e823d520b16f190f61da42a8f68ee047df1ad341a65dc225cbd3479af84b3192612160319967f812c3f9203f96ba0016800210577b78e6bc23ab8ce66f343230859468ff53b64296ba54bc6c86b582c8ea0cd719cad37a5584dd9ac76290a1481f591754ae33aea3e724f695efc108121a40dbe8c0b27fffde893\"},{\"@type\":\"BreadcrumbList\",\"@id\":\"https:\\\/\\\/ortho.p03.tempdomain.ch\\\/?page_id=37#breadcrumb\",\"itemListElement\":[{\"@type\":\"ListItem\",\"position\":1,\"name\":\"Startseite\",\"item\":\"https:\\\/\\\/ortho.p03.tempdomain.ch\\\/\"},{\"@type\":\"ListItem\",\"position\":2,\"name\":\"Leistungen\"}]},{\"@type\":\"WebSite\",\"@id\":\"https:\\\/\\\/ortho.p03.tempdomain.ch\\\/#website\",\"url\":\"https:\\\/\\\/ortho.p03.tempdomain.ch\\\/\",\"name\":\"Kieferorthop\u00e4die Rohrer\",\"description\":\"\",\"potentialAction\":[{\"@type\":\"SearchAction\",\"target\":{\"@type\":\"EntryPoint\",\"urlTemplate\":\"https:\\\/\\\/ortho.p03.tempdomain.ch\\\/?s={search_term_string}\"},\"query-input\":{\"@type\":\"PropertyValueSpecification\",\"valueRequired\":true,\"valueName\":\"search_term_string\"}}],\"inLanguage\":\"de-CH\"}]}<\/script>\n<!-- \/ Yoast SEO plugin. -->","yoast_head_json":{"title":"Leistungen - Kieferorthop\u00e4die Rohrer","robots":{"index":"index","follow":"follow","max-snippet":"max-snippet:-1","max-image-preview":"max-image-preview:large","max-video-preview":"max-video-preview:-1"},"canonical":"https:\/\/ortho.p03.tempdomain.ch\/?page_id=37","og_locale":"de_DE","og_type":"article","og_title":"Leistungen - Kieferorthop\u00e4die Rohrer","og_description":"\u00dcbersichtsseite f\u00fcr alle kieferorthop\u00e4dischen Leistungen. Leistungen Massgeschneiderte L\u00f6sungen f\u00fcr jedes Bed\u00fcrfnis Die Leistungsseite ist auf Zielgruppen, Methoden und Spezialthemen ausgelegt. Nutze sie als \u00dcbersichtsseite und verlinke auf die Unterseiten.","og_url":"https:\/\/ortho.p03.tempdomain.ch\/?page_id=37","og_site_name":"Kieferorthop\u00e4die Rohrer","article_modified_time":"2026-04-18T11:48:13+00:00","og_image":[{"url":"https:\/\/storage.googleapis.com\/ai-prod-elementor\/images\/0c729761-ca5c-4e77-ab75-4c67c8d9c831.png?X-Goog-Algorithm=GOOG4-RSA-SHA256&amp;#038;X-Goog-Credential=elementor-ai-api-prod%40elementor-ai.iam.gserviceaccount.com%2F20260418%2Fauto%2Fstorage%2Fgoog4_request&amp;#038;X-Goog-Date=20260418T114654Z&amp;#038;X-Goog-Expires=604800&amp;#038;X-Goog-SignedHeaders=host&amp;#038;X-Goog-Signature=20a3a2f238d66b98b052e248a68d6324262756da30432abd52cb8cad323ca532d1bcbc88cef6d161a1d62e19ca44dcc90da4c2eb55fa848ddb1aa28692980a3319bca68a6934fe927a30468e5083ee40887071f903e431e40d04eb02ced560fc8bd71c959808e375a462a77933c55c7b56982a060931c8c0f6c47aad7ed44f872d87d470040e823d520b16f190f61da42a8f68ee047df1ad341a65dc225cbd3479af84b3192612160319967f812c3f9203f96ba0016800210577b78e6bc23ab8ce66f343230859468ff53b64296ba54bc6c86b582c8ea0cd719cad37a5584dd9ac76290a1481f591754ae33aea3e724f695efc108121a40dbe8c0b27fffde893","type":"","width":"","height":""}],"twitter_card":"summary_large_image","twitter_misc":{"Gesch\u00e4tzte Lesezeit":"1\u00a0Minute"},"schema":{"@context":"https:\/\/schema.org","@graph":[{"@type":"WebPage","@id":"https:\/\/ortho.p03.tempdomain.ch\/?page_id=37","url":"https:\/\/ortho.p03.tempdomain.ch\/?page_id=37","name":"Leistungen - Kieferorthop\u00e4die Rohrer","isPartOf":{"@id":"https:\/\/ortho.p03.tempdomain.ch\/#website"},"primaryImageOfPage":{"@id":"https:\/\/ortho.p03.tempdomain.ch\/?page_id=37#primaryimage"},"image":{"@id":"https:\/\/ortho.p03.tempdomain.ch\/?page_id=37#primaryimage"},"thumbnailUrl":"https:\/\/storage.googleapis.com\/ai-prod-elementor\/images\/0c729761-ca5c-4e77-ab75-4c67c8d9c831.png?X-Goog-Algorithm=GOOG4-RSA-SHA256&amp;#038;X-Goog-Credential=elementor-ai-api-prod%40elementor-ai.iam.gserviceaccount.com%2F20260418%2Fauto%2Fstorage%2Fgoog4_request&amp;#038;X-Goog-Date=20260418T114654Z&amp;#038;X-Goog-Expires=604800&amp;#038;X-Goog-SignedHeaders=host&amp;#038;X-Goog-Signature=20a3a2f238d66b98b052e248a68d6324262756da30432abd52cb8cad323ca532d1bcbc88cef6d161a1d62e19ca44dcc90da4c2eb55fa848ddb1aa28692980a3319bca68a6934fe927a30468e5083ee40887071f903e431e40d04eb02ced560fc8bd71c959808e375a462a77933c55c7b56982a060931c8c0f6c47aad7ed44f872d87d470040e823d520b16f190f61da42a8f68ee047df1ad341a65dc225cbd3479af84b3192612160319967f812c3f9203f96ba0016800210577b78e6bc23ab8ce66f343230859468ff53b64296ba54bc6c86b582c8ea0cd719cad37a5584dd9ac76290a1481f591754ae33aea3e724f695efc108121a40dbe8c0b27fffde893","datePublished":"2026-04-18T01:33:57+00:00","dateModified":"2026-04-18T11:48:13+00:00","breadcrumb":{"@id":"https:\/\/ortho.p03.tempdomain.ch\/?page_id=37#breadcrumb"},"inLanguage":"de-CH","potentialAction":[{"@type":"ReadAction","target":["https:\/\/ortho.p03.tempdomain.ch\/?page_id=37"]}]},{"@type":"ImageObject","inLanguage":"de-CH","@id":"https:\/\/ortho.p03.tempdomain.ch\/?page_id=37#primaryimage","url":"https:\/\/storage.googleapis.com\/ai-prod-elementor\/images\/0c729761-ca5c-4e77-ab75-4c67c8d9c831.png?X-Goog-Algorithm=GOOG4-RSA-SHA256&amp;#038;X-Goog-Credential=elementor-ai-api-prod%40elementor-ai.iam.gserviceaccount.com%2F20260418%2Fauto%2Fstorage%2Fgoog4_request&amp;#038;X-Goog-Date=20260418T114654Z&amp;#038;X-Goog-Expires=604800&amp;#038;X-Goog-SignedHeaders=host&amp;#038;X-Goog-Signature=20a3a2f238d66b98b052e248a68d6324262756da30432abd52cb8cad323ca532d1bcbc88cef6d161a1d62e19ca44dcc90da4c2eb55fa848ddb1aa28692980a3319bca68a6934fe927a30468e5083ee40887071f903e431e40d04eb02ced560fc8bd71c959808e375a462a77933c55c7b56982a060931c8c0f6c47aad7ed44f872d87d470040e823d520b16f190f61da42a8f68ee047df1ad341a65dc225cbd3479af84b3192612160319967f812c3f9203f96ba0016800210577b78e6bc23ab8ce66f343230859468ff53b64296ba54bc6c86b582c8ea0cd719cad37a5584dd9ac76290a1481f591754ae33aea3e724f695efc108121a40dbe8c0b27fffde893","contentUrl":"https:\/\/storage.googleapis.com\/ai-prod-elementor\/images\/0c729761-ca5c-4e77-ab75-4c67c8d9c831.png?X-Goog-Algorithm=GOOG4-RSA-SHA256&amp;#038;X-Goog-Credential=elementor-ai-api-prod%40elementor-ai.iam.gserviceaccount.com%2F20260418%2Fauto%2Fstorage%2Fgoog4_request&amp;#038;X-Goog-Date=20260418T114654Z&amp;#038;X-Goog-Expires=604800&amp;#038;X-Goog-SignedHeaders=host&amp;#038;X-Goog-Signature=20a3a2f238d66b98b052e248a68d6324262756da30432abd52cb8cad323ca532d1bcbc88cef6d161a1d62e19ca44dcc90da4c2eb55fa848ddb1aa28692980a3319bca68a6934fe927a30468e5083ee40887071f903e431e40d04eb02ced560fc8bd71c959808e375a462a77933c55c7b56982a060931c8c0f6c47aad7ed44f872d87d470040e823d520b16f190f61da42a8f68ee047df1ad341a65dc225cbd3479af84b3192612160319967f812c3f9203f96ba0016800210577b78e6bc23ab8ce66f343230859468ff53b64296ba54bc6c86b582c8ea0cd719cad37a5584dd9ac76290a1481f591754ae33aea3e724f695efc108121a40dbe8c0b27fffde893"},{"@type":"BreadcrumbList","@id":"https:\/\/ortho.p03.tempdomain.ch\/?page_id=37#breadcrumb","itemListElement":[{"@type":"ListItem","position":1,"name":"Startseite","item":"https:\/\/ortho.p03.tempdomain.ch\/"},{"@type":"ListItem","position":2,"name":"Leistungen"}]},{"@type":"WebSite","@id":"https:\/\/ortho.p03.tempdomain.ch\/#website","url":"https:\/\/ortho.p03.tempdomain.ch\/","name":"Kieferorthop\u00e4die Rohrer","description":"","potentialAction":[{"@type":"SearchAction","target":{"@type":"EntryPoint","urlTemplate":"https:\/\/ortho.p03.tempdomain.ch\/?s={search_term_string}"},"query-input":{"@type":"PropertyValueSpecification","valueRequired":true,"valueName":"search_term_string"}}],"inLanguage":"de-CH"}]}},"_links":{"self":[{"href":"https:\/\/ortho.p03.tempdomain.ch\/index.php?rest_route=\/wp\/v2\/pages\/37","targetHints":{"allow":["GET"]}}],"collection":[{"href":"https:\/\/ortho.p03.tempdomain.ch\/index.php?rest_route=\/wp\/v2\/pages"}],"about":[{"href":"https:\/\/ortho.p03.tempdomain.ch\/index.php?rest_route=\/wp\/v2\/types\/page"}],"author":[{"embeddable":true,"href":"https:\/\/ortho.p03.tempdomain.ch\/index.php?rest_route=\/wp\/v2\/users\/2"}],"replies":[{"embeddable":true,"href":"https:\/\/ortho.p03.tempdomain.ch\/index.php?rest_route=%2Fwp%2Fv2%2Fcomments&post=37"}],"version-history":[{"count":5,"href":"https:\/\/ortho.p03.tempdomain.ch\/index.php?rest_route=\/wp\/v2\/pages\/37\/revisions"}],"predecessor-version":[{"id":87,"href":"https:\/\/ortho.p03.tempdomain.ch\/index.php?rest_route=\/wp\/v2\/pages\/37\/revisions\/87"}],"wp:attachment":[{"href":"https:\/\/ortho.p03.tempdomain.ch\/index.php?rest_route=%2Fwp%2Fv2%2Fmedia&parent=37"}],"curies":[{"name":"wp","href":"https:\/\/api.w.org\/{rel}","templated":true}]}}